{"id":117,"date":"2025-02-12T20:06:56","date_gmt":"2025-02-12T19:06:56","guid":{"rendered":"https:\/\/www2.schreibstubn.de\/?page_id=117"},"modified":"2026-04-23T10:31:45","modified_gmt":"2026-04-23T08:31:45","slug":"kurse","status":"publish","type":"page","link":"https:\/\/www.schreibstubn.de\/index.php\/kurse\/","title":{"rendered":"Kurse"},"content":{"rendered":"\n<div style=\"height:93px\" aria-hidden=\"true\" class=\"wp-block-spacer\"><\/div>\n\n\n\n<div class=\"wp-block-columns alignwide are-vertically-aligned-top is-layout-flex wp-container-core-columns-is-layout-28f84493 wp-block-columns-is-layout-flex\" id=\"kurse\">\n<div class=\"wp-block-column is-vertically-aligned-top is-layout-flow wp-block-column-is-layout-flow\" style=\"flex-basis:50%\">\n<figure data-wp-context=\"{&quot;imageId&quot;:&quot;6a09511a2fbd7&quot;}\" data-wp-interactive=\"core\/image\" data-wp-key=\"6a09511a2fbd7\" class=\"wp-block-image size-full wp-lightbox-container\"><img loading=\"lazy\" decoding=\"async\" width=\"900\" height=\"606\" data-wp-class--hide=\"state.isContentHidden\" data-wp-class--show=\"state.isContentVisible\" data-wp-init=\"callbacks.setButtonStyles\" data-wp-on--click=\"actions.showLightbox\" data-wp-on--load=\"callbacks.setButtonStyles\" data-wp-on-window--resize=\"callbacks.setButtonStyles\" src=\"https:\/\/www.schreibstubn.de\/wp-content\/uploads\/2025\/11\/bone-script-Kurs.jpg\" alt=\"\" class=\"wp-image-641\" srcset=\"https:\/\/www.schreibstubn.de\/wp-content\/uploads\/2025\/11\/bone-script-Kurs.jpg 900w, https:\/\/www.schreibstubn.de\/wp-content\/uploads\/2025\/11\/bone-script-Kurs-300x202.jpg 300w, https:\/\/www.schreibstubn.de\/wp-content\/uploads\/2025\/11\/bone-script-Kurs-768x517.jpg 768w\" sizes=\"auto, (max-width: 900px) 100vw, 900px\" \/><button\n\t\t\tclass=\"lightbox-trigger\"\n\t\t\ttype=\"button\"\n\t\t\taria-haspopup=\"dialog\"\n\t\t\taria-label=\"Vergr\u00f6\u00dfern\"\n\t\t\tdata-wp-init=\"callbacks.initTriggerButton\"\n\t\t\tdata-wp-on--click=\"actions.showLightbox\"\n\t\t\tdata-wp-style--right=\"state.imageButtonRight\"\n\t\t\tdata-wp-style--top=\"state.imageButtonTop\"\n\t\t>\n\t\t\t<svg xmlns=\"http:\/\/www.w3.org\/2000\/svg\" width=\"12\" height=\"12\" fill=\"none\" viewBox=\"0 0 12 12\">\n\t\t\t\t<path fill=\"#fff\" d=\"M2 0a2 2 0 0 0-2 2v2h1.5V2a.5.5 0 0 1 .5-.5h2V0H2Zm2 10.5H2a.5.5 0 0 1-.5-.5V8H0v2a2 2 0 0 0 2 2h2v-1.5ZM8 12v-1.5h2a.5.5 0 0 0 .5-.5V8H12v2a2 2 0 0 1-2 2H8Zm2-12a2 2 0 0 1 2 2v2h-1.5V2a.5.5 0 0 0-.5-.5H8V0h2Z\" \/>\n\t\t\t<\/svg>\n\t\t<\/button><figcaption class=\"wp-element-caption\">Created with GIMP<\/figcaption><\/figure>\n<\/div>\n\n\n\n<div class=\"wp-block-column is-vertically-aligned-top is-content-justification-center is-layout-constrained wp-block-column-is-layout-constrained\" style=\"flex-basis:50%\">\n<details class=\"wp-block-details has-medium-font-size is-layout-flow wp-block-details-is-layout-flow\"><summary><strong>Bone-Script<\/strong><br><br><strong>Kursort: VHS Sulzbach-Rosenberg<br>Mittwoch, 09. Juni 2026 <\/strong><br><br>Mehr erfahren &#8230;<\/summary>\n<p>3 Abende<\/p>\n\n\n\n<p>Die Bone-Script ist eine massige und doch ansprechend gestaltete Schrift. Durch viele Drehungen des Werkzeugs entsteht eine schicke Taille, die die dicken Buchstaben graziler erscheinen l\u00e4sst. Darum ist sie unbedingt nur f\u00fcr etwas erfahrenere Kalligrafen geeignet. Der M\u00f6glichkeiten mit ihr Texte oder auch nur ein Wort zu gestalten sind viele \u2013 alles wird im Kurs behandelt.<\/p>\n\n\n\n<p>Mitbringen: Automaticpen 4 und \/ oder 3A, Kalligrafie-Materialien, Bef\u00fcllpinsel<\/p>\n\n\n\n<p><br><br><a href=\"https:\/\/www.vhs-as.de\/\" target=\"_blank\" rel=\"noreferrer noopener\">Anmeldung  bei der VHS Sulzbach-Rosenberg <\/a><\/p>\n<\/details>\n\n\n\n<p><\/p>\n\n\n\n<p><\/p>\n<\/div>\n<\/div>\n\n\n\n<hr class=\"wp-block-separator has-alpha-channel-opacity\"\/>\n\n\n\n<div class=\"wp-block-columns alignwide are-vertically-aligned-top is-layout-flex wp-container-core-columns-is-layout-28f84493 wp-block-columns-is-layout-flex\" id=\"kurse\">\n<div class=\"wp-block-column is-vertically-aligned-top is-layout-flow wp-block-column-is-layout-flow\" style=\"flex-basis:50%\">\n<figure data-wp-context=\"{&quot;imageId&quot;:&quot;6a09511a30d04&quot;}\" data-wp-interactive=\"core\/image\" data-wp-key=\"6a09511a30d04\" class=\"wp-block-image size-full wp-lightbox-container\"><img loading=\"lazy\" decoding=\"async\" width=\"1087\" height=\"818\" data-wp-class--hide=\"state.isContentHidden\" data-wp-class--show=\"state.isContentVisible\" data-wp-init=\"callbacks.setButtonStyles\" data-wp-on--click=\"actions.showLightbox\" data-wp-on--load=\"callbacks.setButtonStyles\" data-wp-on-window--resize=\"callbacks.setButtonStyles\" src=\"https:\/\/www.schreibstubn.de\/wp-content\/uploads\/2026\/04\/schnelle-Karten-HS.jpg\" alt=\"\" class=\"wp-image-671\" srcset=\"https:\/\/www.schreibstubn.de\/wp-content\/uploads\/2026\/04\/schnelle-Karten-HS.jpg 1087w, https:\/\/www.schreibstubn.de\/wp-content\/uploads\/2026\/04\/schnelle-Karten-HS-300x226.jpg 300w, https:\/\/www.schreibstubn.de\/wp-content\/uploads\/2026\/04\/schnelle-Karten-HS-1024x771.jpg 1024w, https:\/\/www.schreibstubn.de\/wp-content\/uploads\/2026\/04\/schnelle-Karten-HS-768x578.jpg 768w\" sizes=\"auto, (max-width: 1087px) 100vw, 1087px\" \/><button\n\t\t\tclass=\"lightbox-trigger\"\n\t\t\ttype=\"button\"\n\t\t\taria-haspopup=\"dialog\"\n\t\t\taria-label=\"Vergr\u00f6\u00dfern\"\n\t\t\tdata-wp-init=\"callbacks.initTriggerButton\"\n\t\t\tdata-wp-on--click=\"actions.showLightbox\"\n\t\t\tdata-wp-style--right=\"state.imageButtonRight\"\n\t\t\tdata-wp-style--top=\"state.imageButtonTop\"\n\t\t>\n\t\t\t<svg xmlns=\"http:\/\/www.w3.org\/2000\/svg\" width=\"12\" height=\"12\" fill=\"none\" viewBox=\"0 0 12 12\">\n\t\t\t\t<path fill=\"#fff\" d=\"M2 0a2 2 0 0 0-2 2v2h1.5V2a.5.5 0 0 1 .5-.5h2V0H2Zm2 10.5H2a.5.5 0 0 1-.5-.5V8H0v2a2 2 0 0 0 2 2h2v-1.5ZM8 12v-1.5h2a.5.5 0 0 0 .5-.5V8H12v2a2 2 0 0 1-2 2H8Zm2-12a2 2 0 0 1 2 2v2h-1.5V2a.5.5 0 0 0-.5-.5H8V0h2Z\" \/>\n\t\t\t<\/svg>\n\t\t<\/button><\/figure>\n<\/div>\n\n\n\n<div class=\"wp-block-column is-vertically-aligned-top is-content-justification-center is-layout-constrained wp-block-column-is-layout-constrained\" style=\"flex-basis:50%\">\n<details class=\"wp-block-details has-medium-font-size is-layout-flow wp-block-details-is-layout-flow\"><summary><strong>schnelle Karten<\/strong><br><br><strong>Kursort: VHS Hersbruck<br>Samstag, 26. September 2026<\/strong><br><br>Mehr erfahren &#8230;<\/summary>\n<p><\/p>\n\n\n\n<p>Geburtstage kommen meistens \u00fcberraschend, oder? Ich brauche schnell eine Karte f\u00fcr \u2026<\/p>\n\n\n\n<p>Selbstgemacht sind Gr\u00fc\u00dfe immer noch sehr beliebt.                In diesem Kurs lernen wir verschiedene Techniken daf\u00fcr.   Das Zusammenspiel aus einer ansprechenden kleinen Illustration und Schrift. Auch wenn kein gro\u00dfes Zeichen-   oder Schrifttalent vorhanden ist \u2013 mit diesen Ideen gelingt    es bestimmt.<\/p>\n\n\n\n<p>Mitbringen: verschiedene Fineliner, Kartenrohlinge, Wasserglas, K\u00fcchentuch, Lineal, Bleistift, Buntstifte, Wasserfarben, Deckwei\u00df, Pinsel, kleine Stempel mit -kissen<\/p>\n\n\n\n<p><\/p>\n\n\n\n<p><br><br><a href=\"https:\/\/www.vhs-hersbrucker-schweiz.de\" target=\"_blank\" rel=\"noreferrer noopener\">Anmeldung  bei der VHS Hersbruck <\/a><\/p>\n<\/details>\n\n\n\n<p><\/p>\n<\/div>\n<\/div>\n\n\n\n<hr class=\"wp-block-separator has-alpha-channel-opacity\"\/>\n\n\n\n<div class=\"wp-block-columns alignwide are-vertically-aligned-top is-layout-flex wp-container-core-columns-is-layout-28f84493 wp-block-columns-is-layout-flex\" id=\"kurse\">\n<div class=\"wp-block-column is-vertically-aligned-top is-layout-flow wp-block-column-is-layout-flow\" style=\"flex-basis:50%\">\n<figure data-wp-context=\"{&quot;imageId&quot;:&quot;6a09511a31420&quot;}\" data-wp-interactive=\"core\/image\" data-wp-key=\"6a09511a31420\" class=\"wp-block-image size-full wp-lightbox-container\"><img loading=\"lazy\" decoding=\"async\" width=\"1200\" height=\"858\" data-wp-class--hide=\"state.isContentHidden\" data-wp-class--show=\"state.isContentVisible\" data-wp-init=\"callbacks.setButtonStyles\" data-wp-on--click=\"actions.showLightbox\" data-wp-on--load=\"callbacks.setButtonStyles\" data-wp-on-window--resize=\"callbacks.setButtonStyles\" src=\"https:\/\/www.schreibstubn.de\/wp-content\/uploads\/2026\/04\/Weihnachtskarten.jpg\" alt=\"\" class=\"wp-image-675\" srcset=\"https:\/\/www.schreibstubn.de\/wp-content\/uploads\/2026\/04\/Weihnachtskarten.jpg 1200w, https:\/\/www.schreibstubn.de\/wp-content\/uploads\/2026\/04\/Weihnachtskarten-300x215.jpg 300w, https:\/\/www.schreibstubn.de\/wp-content\/uploads\/2026\/04\/Weihnachtskarten-1024x732.jpg 1024w, https:\/\/www.schreibstubn.de\/wp-content\/uploads\/2026\/04\/Weihnachtskarten-768x549.jpg 768w\" sizes=\"auto, (max-width: 1200px) 100vw, 1200px\" \/><button\n\t\t\tclass=\"lightbox-trigger\"\n\t\t\ttype=\"button\"\n\t\t\taria-haspopup=\"dialog\"\n\t\t\taria-label=\"Vergr\u00f6\u00dfern\"\n\t\t\tdata-wp-init=\"callbacks.initTriggerButton\"\n\t\t\tdata-wp-on--click=\"actions.showLightbox\"\n\t\t\tdata-wp-style--right=\"state.imageButtonRight\"\n\t\t\tdata-wp-style--top=\"state.imageButtonTop\"\n\t\t>\n\t\t\t<svg xmlns=\"http:\/\/www.w3.org\/2000\/svg\" width=\"12\" height=\"12\" fill=\"none\" viewBox=\"0 0 12 12\">\n\t\t\t\t<path fill=\"#fff\" d=\"M2 0a2 2 0 0 0-2 2v2h1.5V2a.5.5 0 0 1 .5-.5h2V0H2Zm2 10.5H2a.5.5 0 0 1-.5-.5V8H0v2a2 2 0 0 0 2 2h2v-1.5ZM8 12v-1.5h2a.5.5 0 0 0 .5-.5V8H12v2a2 2 0 0 1-2 2H8Zm2-12a2 2 0 0 1 2 2v2h-1.5V2a.5.5 0 0 0-.5-.5H8V0h2Z\" \/>\n\t\t\t<\/svg>\n\t\t<\/button><\/figure>\n<\/div>\n\n\n\n<div class=\"wp-block-column is-vertically-aligned-top is-content-justification-center is-layout-constrained wp-block-column-is-layout-constrained\" style=\"flex-basis:50%\">\n<details class=\"wp-block-details has-medium-font-size is-layout-flow wp-block-details-is-layout-flow\"><summary><strong>schnelle Karten &#8211; Weihnachten<\/strong><br><br><strong>Kursort: VHS Hersbruck<br>Samstag, 21. November 2026<\/strong><br><br>Mehr erfahren &#8230;<\/summary>\n<p><\/p>\n\n\n\n<p>Selbstgemachtes zu Weihnachten verschenken, nicht nur in Pl\u00e4tzchenform, sind gern gesehene Geschenke. Wie w\u00e4re es mit einer Karte? Du kannst nicht zeichnen? Hast keine sch\u00f6ne Handschrift? Ich zeige Dir Tipps und Tricks, wie es trotzdem gelingt und h\u00fcbsch aussieht. Und: ein bi\u00dfchen Gold verleiht Glanz.<\/p>\n\n\n\n<p>Mitbringen: verschiedene Fineliner, Wasserfarbe, Pinsel, Wasserglas, K\u00fcchentuch, Lineal, Bleistift, Radiergummi, Kartenrohlinge, Glitzerstifte, Goldstifte<\/p>\n\n\n\n<p><br><br><a href=\"https:\/\/www.vhs-hersbrucker-schweiz.de\" target=\"_blank\" rel=\"noreferrer noopener\">Anmeldung  bei der VHS Hersbruck <\/a><\/p>\n<\/details>\n\n\n\n<p><\/p>\n<\/div>\n<\/div>\n\n\n\n<hr class=\"wp-block-separator has-alpha-channel-opacity\"\/>\n\n\n\n<div class=\"wp-block-columns alignwide are-vertically-aligned-top is-layout-flex wp-container-core-columns-is-layout-28f84493 wp-block-columns-is-layout-flex\" id=\"kurse\">\n<div class=\"wp-block-column is-vertically-aligned-top is-layout-flow wp-block-column-is-layout-flow\" style=\"flex-basis:50%\">\n<figure data-wp-context=\"{&quot;imageId&quot;:&quot;6a09511a31b18&quot;}\" data-wp-interactive=\"core\/image\" data-wp-key=\"6a09511a31b18\" class=\"wp-block-image size-full wp-lightbox-container\"><img loading=\"lazy\" decoding=\"async\" width=\"1200\" height=\"803\" data-wp-class--hide=\"state.isContentHidden\" data-wp-class--show=\"state.isContentVisible\" data-wp-init=\"callbacks.setButtonStyles\" data-wp-on--click=\"actions.showLightbox\" data-wp-on--load=\"callbacks.setButtonStyles\" data-wp-on-window--resize=\"callbacks.setButtonStyles\" src=\"https:\/\/www.schreibstubn.de\/wp-content\/uploads\/2026\/04\/Gute-Laune-HS.jpg\" alt=\"\" class=\"wp-image-678\" srcset=\"https:\/\/www.schreibstubn.de\/wp-content\/uploads\/2026\/04\/Gute-Laune-HS.jpg 1200w, https:\/\/www.schreibstubn.de\/wp-content\/uploads\/2026\/04\/Gute-Laune-HS-300x201.jpg 300w, https:\/\/www.schreibstubn.de\/wp-content\/uploads\/2026\/04\/Gute-Laune-HS-1024x685.jpg 1024w, https:\/\/www.schreibstubn.de\/wp-content\/uploads\/2026\/04\/Gute-Laune-HS-768x514.jpg 768w\" sizes=\"auto, (max-width: 1200px) 100vw, 1200px\" \/><button\n\t\t\tclass=\"lightbox-trigger\"\n\t\t\ttype=\"button\"\n\t\t\taria-haspopup=\"dialog\"\n\t\t\taria-label=\"Vergr\u00f6\u00dfern\"\n\t\t\tdata-wp-init=\"callbacks.initTriggerButton\"\n\t\t\tdata-wp-on--click=\"actions.showLightbox\"\n\t\t\tdata-wp-style--right=\"state.imageButtonRight\"\n\t\t\tdata-wp-style--top=\"state.imageButtonTop\"\n\t\t>\n\t\t\t<svg xmlns=\"http:\/\/www.w3.org\/2000\/svg\" width=\"12\" height=\"12\" fill=\"none\" viewBox=\"0 0 12 12\">\n\t\t\t\t<path fill=\"#fff\" d=\"M2 0a2 2 0 0 0-2 2v2h1.5V2a.5.5 0 0 1 .5-.5h2V0H2Zm2 10.5H2a.5.5 0 0 1-.5-.5V8H0v2a2 2 0 0 0 2 2h2v-1.5ZM8 12v-1.5h2a.5.5 0 0 0 .5-.5V8H12v2a2 2 0 0 1-2 2H8Zm2-12a2 2 0 0 1 2 2v2h-1.5V2a.5.5 0 0 0-.5-.5H8V0h2Z\" \/>\n\t\t\t<\/svg>\n\t\t<\/button><\/figure>\n<\/div>\n\n\n\n<div class=\"wp-block-column is-vertically-aligned-top is-content-justification-center is-layout-constrained wp-block-column-is-layout-constrained\" style=\"flex-basis:50%\">\n<details class=\"wp-block-details has-medium-font-size is-layout-flow wp-block-details-is-layout-flow\"><summary><strong>&#8222;gute Laune&#8220;<\/strong><br><br><strong>Kursort: VHS Hersbruck<br>Samstag, 23. Januar 2027<\/strong><br><br>Mehr erfahren &#8230;<\/summary>\n<p><\/p>\n\n\n\n<p>Das Jahr ist noch jung \u2013 wie w\u00e4re es mit neuem kreativen Schwung? \u201eGute Laune\u201c \u2013 Buchstaben, die sich auch verzieren lassen. Gezeichnet, geschrieben, bemustert und bemalt \u2013 Kalligrafie trifft auf das Leben. Wer braucht sie nicht, die Geburtstagskarten und Gr\u00fc\u00dfe zu Schulabschlu\u00df, Taufe, Hochzeit, Jubil\u00e4um, Umzug und Neuanfang? Oder: einfach vor sich hinschreiben, journaling, Entspannung empfinden.<\/p>\n\n\n\n<p>F\u00fcr alle Schrift-Interessierten geeignet, auch lernbar ohne kalligrafische Vorkenntnisse.<\/p>\n\n\n\n<p>Mitbringen: wasserfester Fineliner oder Tusche \/ Tinte, gutes Papier, Wasserglas, K\u00fcchentuch, Lineal, Bleistift, Buntstifte oder Aquarellfarben<\/p>\n\n\n\n<p><br><br><a href=\"https:\/\/www.vhs-hersbrucker-schweiz.de\" target=\"_blank\" rel=\"noreferrer noopener\">Anmeldung  bei der VHS Hersbruck <\/a><\/p>\n<\/details>\n\n\n\n<p><\/p>\n<\/div>\n<\/div>\n","protected":false},"excerpt":{"rendered":"","protected":false},"author":1,"featured_media":0,"parent":0,"menu_order":0,"comment_status":"closed","ping_status":"closed","template":"","meta":{"site-sidebar-layout":"default","site-content-layout":"","ast-site-content-layout":"default","site-content-style":"default","site-sidebar-style":"default","ast-global-header-display":"","ast-banner-title-visibility":"","ast-main-header-display":"","ast-hfb-above-header-display":"","ast-hfb-below-header-display":"","ast-hfb-mobile-header-display":"","site-post-title":"disabled","ast-breadcrumbs-content":"","ast-featured-img":"","footer-sml-layout":"","ast-disable-related-posts":"","theme-transparent-header-meta":"","adv-header-id-meta":"","stick-header-meta":"","header-above-stick-meta":"","header-main-stick-meta":"","header-below-stick-meta":"","astra-migrate-meta-layouts":"default","ast-page-background-enabled":"default","ast-page-background-meta":{"desktop":{"background-color":"var(--ast-global-color-5)","background-image":"","background-repeat":"repeat","background-position":"center center","background-size":"auto","background-attachment":"scroll","background-type":"","background-media":"","overlay-type":"","overlay-color":"","overlay-opacity":"","overlay-gradient":""},"tablet":{"background-color":"","background-image":"","background-repeat":"repeat","background-position":"center center","background-size":"auto","background-attachment":"scroll","background-type":"","background-media":"","overlay-type":"","overlay-color":"","overlay-opacity":"","overlay-gradient":""},"mobile":{"background-color":"","background-image":"","background-repeat":"repeat","background-position":"center center","background-size":"auto","background-attachment":"scroll","background-type":"","background-media":"","overlay-type":"","overlay-color":"","overlay-opacity":"","overlay-gradient":""}},"ast-content-background-meta":{"desktop":{"background-color":"var(--ast-global-color-4)","background-image":"","background-repeat":"repeat","background-position":"center center","background-size":"auto","background-attachment":"scroll","background-type":"","background-media":"","overlay-type":"","overlay-color":"","overlay-opacity":"","overlay-gradient":""},"tablet":{"background-color":"var(--ast-global-color-4)","background-image":"","background-repeat":"repeat","background-position":"center center","background-size":"auto","background-attachment":"scroll","background-type":"","background-media":"","overlay-type":"","overlay-color":"","overlay-opacity":"","overlay-gradient":""},"mobile":{"background-color":"var(--ast-global-color-4)","background-image":"","background-repeat":"repeat","background-position":"center center","background-size":"auto","background-attachment":"scroll","background-type":"","background-media":"","overlay-type":"","overlay-color":"","overlay-opacity":"","overlay-gradient":""}},"pgc_sgb_lightbox_settings":"","footnotes":""},"class_list":["post-117","page","type-page","status-publish","hentry"],"yoast_head":"<!-- This site is optimized with the Yoast SEO plugin v27.4 - https:\/\/yoast.com\/product\/yoast-seo-wordpress\/ -->\n<title>Kurse - Elke&#039;s Schreibstubn<\/title>\n<meta name=\"robots\" content=\"index, follow, max-snippet:-1, max-image-preview:large, max-video-preview:-1\" \/>\n<link rel=\"canonical\" href=\"https:\/\/www.schreibstubn.de\/index.php\/kurse\/\" \/>\n<meta property=\"og:locale\" content=\"de_DE\" \/>\n<meta property=\"og:type\" content=\"article\" \/>\n<meta property=\"og:title\" content=\"Kurse - Elke&#039;s Schreibstubn\" \/>\n<meta property=\"og:url\" content=\"https:\/\/www.schreibstubn.de\/index.php\/kurse\/\" \/>\n<meta property=\"og:site_name\" content=\"Elke&#039;s Schreibstubn\" \/>\n<meta property=\"article:modified_time\" content=\"2026-04-23T08:31:45+00:00\" \/>\n<meta property=\"og:image\" content=\"https:\/\/www.schreibstubn.de\/wp-content\/uploads\/2025\/11\/bone-script-Kurs.jpg\" \/>\n\t<meta property=\"og:image:width\" content=\"900\" \/>\n\t<meta property=\"og:image:height\" content=\"606\" \/>\n\t<meta property=\"og:image:type\" content=\"image\/jpeg\" \/>\n<meta name=\"twitter:card\" content=\"summary_large_image\" \/>\n<meta name=\"twitter:label1\" content=\"Gesch\u00e4tzte Lesezeit\" \/>\n\t<meta name=\"twitter:data1\" content=\"3\u00a0Minuten\" \/>\n<script type=\"application\/ld+json\" class=\"yoast-schema-graph\">{\"@context\":\"https:\\\/\\\/schema.org\",\"@graph\":[{\"@type\":\"WebPage\",\"@id\":\"https:\\\/\\\/www.schreibstubn.de\\\/index.php\\\/kurse\\\/\",\"url\":\"https:\\\/\\\/www.schreibstubn.de\\\/index.php\\\/kurse\\\/\",\"name\":\"Kurse - Elke&#039;s Schreibstubn\",\"isPartOf\":{\"@id\":\"https:\\\/\\\/www.schreibstubn.de\\\/#website\"},\"primaryImageOfPage\":{\"@id\":\"https:\\\/\\\/www.schreibstubn.de\\\/index.php\\\/kurse\\\/#primaryimage\"},\"image\":{\"@id\":\"https:\\\/\\\/www.schreibstubn.de\\\/index.php\\\/kurse\\\/#primaryimage\"},\"thumbnailUrl\":\"https:\\\/\\\/www.schreibstubn.de\\\/wp-content\\\/uploads\\\/2025\\\/11\\\/bone-script-Kurs.jpg\",\"datePublished\":\"2025-02-12T19:06:56+00:00\",\"dateModified\":\"2026-04-23T08:31:45+00:00\",\"breadcrumb\":{\"@id\":\"https:\\\/\\\/www.schreibstubn.de\\\/index.php\\\/kurse\\\/#breadcrumb\"},\"inLanguage\":\"de\",\"potentialAction\":[{\"@type\":\"ReadAction\",\"target\":[\"https:\\\/\\\/www.schreibstubn.de\\\/index.php\\\/kurse\\\/\"]}]},{\"@type\":\"ImageObject\",\"inLanguage\":\"de\",\"@id\":\"https:\\\/\\\/www.schreibstubn.de\\\/index.php\\\/kurse\\\/#primaryimage\",\"url\":\"https:\\\/\\\/www.schreibstubn.de\\\/wp-content\\\/uploads\\\/2025\\\/11\\\/bone-script-Kurs.jpg\",\"contentUrl\":\"https:\\\/\\\/www.schreibstubn.de\\\/wp-content\\\/uploads\\\/2025\\\/11\\\/bone-script-Kurs.jpg\",\"width\":900,\"height\":606},{\"@type\":\"BreadcrumbList\",\"@id\":\"https:\\\/\\\/www.schreibstubn.de\\\/index.php\\\/kurse\\\/#breadcrumb\",\"itemListElement\":[{\"@type\":\"ListItem\",\"position\":1,\"name\":\"Startseite\",\"item\":\"https:\\\/\\\/www.schreibstubn.de\\\/\"},{\"@type\":\"ListItem\",\"position\":2,\"name\":\"Kurse\"}]},{\"@type\":\"WebSite\",\"@id\":\"https:\\\/\\\/www.schreibstubn.de\\\/#website\",\"url\":\"https:\\\/\\\/www.schreibstubn.de\\\/\",\"name\":\"Elke's Schreibstubn\",\"description\":\"Kunst Kalligraphie\",\"potentialAction\":[{\"@type\":\"SearchAction\",\"target\":{\"@type\":\"EntryPoint\",\"urlTemplate\":\"https:\\\/\\\/www.schreibstubn.de\\\/?s={search_term_string}\"},\"query-input\":{\"@type\":\"PropertyValueSpecification\",\"valueRequired\":true,\"valueName\":\"search_term_string\"}}],\"inLanguage\":\"de\"}]}<\/script>\n<!-- \/ Yoast SEO plugin. -->","yoast_head_json":{"title":"Kurse - Elke&#039;s Schreibstubn","robots":{"index":"index","follow":"follow","max-snippet":"max-snippet:-1","max-image-preview":"max-image-preview:large","max-video-preview":"max-video-preview:-1"},"canonical":"https:\/\/www.schreibstubn.de\/index.php\/kurse\/","og_locale":"de_DE","og_type":"article","og_title":"Kurse - Elke&#039;s Schreibstubn","og_url":"https:\/\/www.schreibstubn.de\/index.php\/kurse\/","og_site_name":"Elke&#039;s Schreibstubn","article_modified_time":"2026-04-23T08:31:45+00:00","og_image":[{"width":900,"height":606,"url":"https:\/\/www.schreibstubn.de\/wp-content\/uploads\/2025\/11\/bone-script-Kurs.jpg","type":"image\/jpeg"}],"twitter_card":"summary_large_image","twitter_misc":{"Gesch\u00e4tzte Lesezeit":"3\u00a0Minuten"},"schema":{"@context":"https:\/\/schema.org","@graph":[{"@type":"WebPage","@id":"https:\/\/www.schreibstubn.de\/index.php\/kurse\/","url":"https:\/\/www.schreibstubn.de\/index.php\/kurse\/","name":"Kurse - Elke&#039;s Schreibstubn","isPartOf":{"@id":"https:\/\/www.schreibstubn.de\/#website"},"primaryImageOfPage":{"@id":"https:\/\/www.schreibstubn.de\/index.php\/kurse\/#primaryimage"},"image":{"@id":"https:\/\/www.schreibstubn.de\/index.php\/kurse\/#primaryimage"},"thumbnailUrl":"https:\/\/www.schreibstubn.de\/wp-content\/uploads\/2025\/11\/bone-script-Kurs.jpg","datePublished":"2025-02-12T19:06:56+00:00","dateModified":"2026-04-23T08:31:45+00:00","breadcrumb":{"@id":"https:\/\/www.schreibstubn.de\/index.php\/kurse\/#breadcrumb"},"inLanguage":"de","potentialAction":[{"@type":"ReadAction","target":["https:\/\/www.schreibstubn.de\/index.php\/kurse\/"]}]},{"@type":"ImageObject","inLanguage":"de","@id":"https:\/\/www.schreibstubn.de\/index.php\/kurse\/#primaryimage","url":"https:\/\/www.schreibstubn.de\/wp-content\/uploads\/2025\/11\/bone-script-Kurs.jpg","contentUrl":"https:\/\/www.schreibstubn.de\/wp-content\/uploads\/2025\/11\/bone-script-Kurs.jpg","width":900,"height":606},{"@type":"BreadcrumbList","@id":"https:\/\/www.schreibstubn.de\/index.php\/kurse\/#breadcrumb","itemListElement":[{"@type":"ListItem","position":1,"name":"Startseite","item":"https:\/\/www.schreibstubn.de\/"},{"@type":"ListItem","position":2,"name":"Kurse"}]},{"@type":"WebSite","@id":"https:\/\/www.schreibstubn.de\/#website","url":"https:\/\/www.schreibstubn.de\/","name":"Elke's Schreibstubn","description":"Kunst Kalligraphie","potentialAction":[{"@type":"SearchAction","target":{"@type":"EntryPoint","urlTemplate":"https:\/\/www.schreibstubn.de\/?s={search_term_string}"},"query-input":{"@type":"PropertyValueSpecification","valueRequired":true,"valueName":"search_term_string"}}],"inLanguage":"de"}]}},"_links":{"self":[{"href":"https:\/\/www.schreibstubn.de\/index.php\/wp-json\/wp\/v2\/pages\/117","targetHints":{"allow":["GET"]}}],"collection":[{"href":"https:\/\/www.schreibstubn.de\/index.php\/wp-json\/wp\/v2\/pages"}],"about":[{"href":"https:\/\/www.schreibstubn.de\/index.php\/wp-json\/wp\/v2\/types\/page"}],"author":[{"embeddable":true,"href":"https:\/\/www.schreibstubn.de\/index.php\/wp-json\/wp\/v2\/users\/1"}],"replies":[{"embeddable":true,"href":"https:\/\/www.schreibstubn.de\/index.php\/wp-json\/wp\/v2\/comments?post=117"}],"version-history":[{"count":98,"href":"https:\/\/www.schreibstubn.de\/index.php\/wp-json\/wp\/v2\/pages\/117\/revisions"}],"predecessor-version":[{"id":682,"href":"https:\/\/www.schreibstubn.de\/index.php\/wp-json\/wp\/v2\/pages\/117\/revisions\/682"}],"wp:attachment":[{"href":"https:\/\/www.schreibstubn.de\/index.php\/wp-json\/wp\/v2\/media?parent=117"}],"curies":[{"name":"wp","href":"https:\/\/api.w.org\/{rel}","templated":true}]}}